


 


						{"id":29728,"date":"2020-04-08T21:42:36","date_gmt":"2020-04-08T19:42:36","guid":{"rendered":"https:\/\/espritgames.com\/de\/?page_id=29728"},"modified":"2024-02-05T14:40:54","modified_gmt":"2024-02-05T13:40:54","slug":"gameofthrones","status":"publish","type":"page","link":"https:\/\/espritgames.com\/de\/gameofthrones\/","title":{"rendered":"Game of Thrones"},"content":{"rendered":"<div id=\"pl-29728\"  class=\"panel-layout\" ><div id=\"pg-29728-0\"  class=\"panel-grid panel-no-style\" ><div id=\"pgc-29728-0-0\"  class=\"panel-grid-cell\" ><div id=\"panel-29728-0-0-0\" class=\"widget_text so-panel widget widget_custom_html panel-first-child panel-last-child\" data-index=\"0\" ><div class=\"textwidget custom-html-widget\"><div class=\"well\" id=\"well\">\n    <div id=\"block_1\" class=\"panel\">\n\t\t\t  <a class=\"lands_links hide_links\" href=\".\/news\/\">Neuigkeiten<\/a><a class=\"lands_links lands_links_2 hide_links\" href=\".\/guides\/\">F\u00fchrung<\/a><a class=\"lands_links lands_links_1 hide_links\" href=\"\/de\/forum\/go\/gameofthrones\/\">Foren<\/a>\n\t\t\t  <video  width=\"100%\" height=\"550\" autoplay=\"\" loop=\"\" muted=\"\" poster=\"https:\/\/p-cdn.espritgames.ru\/wp-content\/themes\/espritgames\/promo\/got-main\/img\/1\/GoT_back_static1.jpg\"><\/video>\n        <div class=\"inset_outer\">\n            <div class=\"logo_txt\"><\/div>\n            <div class=\"top_txt\">\n                <h1>Erobert Westeros!<\/h1>\n\n                <p>Das Strategie-Browserspiel in einer der ikonischsten Kulissen.<br> Es ist Zeit, eure eigene Geschichte von Westeros zu schreiben!<\/p>\n            <\/div><a href=\"https:\/\/espritgames.com\/de\/gameofthrones\/go\/\" class=\"play_btn play_btn_de\"><\/a>\n            <div class=\"m_block\"><\/div><div class=\"m_outer_block\"><\/div>\n        <\/div>\n    <\/div>\n    <div id=\"block_2\" class=\"panel\">\n        <div class=\"text_tral text_tral_de\">\n            <p class=\"text\">Sie haben die einmalige Gelegenheit, als junger Lord, der eine der vielen Siedlungen von Westeros f\u00fchrte, am Kampf um den Eisernen Thron teilzunehmen. Unter der Anleitung eines erfahrenen Beraters der Priesterin des Herrn des Lichts, Melissandra, beherrschen Sie alle F\u00e4higkeiten, die ein Herrscher ben\u00f6tigt - Verwaltung einer Burg, Erlernen von Technologie, Rekrutierung und Ausbildung von Truppen. Sammle eine m\u00e4chtige Armee, schlie\u00dfe dich Allianzen mit anderen Spielern an und vernichte gemeinsame Feinde! Nehmen Sie die Helden des Game of Thrones in Ihre Reihen auf - Robb Stark, John Snow, Jaime Lannister, Sandor Cleagan und andere. Tauchen Sie ein in den Abgrund blutiger Kriege und politischer Intrigen!<\/p><span class=\"wch\">TRAILER<\/span><a class=\"tral_play\"><\/a><span class=\"trl\">ANSEHEN<\/span>\n        <\/div>\n        <div class=\"daenerys\"><\/div>\n    <\/div>\n    <div id=\"block_3\" class=\"panel\">\n        <h3>Das Schicksal von Westeros liegt in Ihren H\u00e4nden!<\/h3><div class=\"city city_1\"><\/div><a class=\"show_city show_city_1\"><\/a><div class=\"city city_2\"><\/div><a class=\"show_city show_city_2\"><\/a><div class=\"city city_3\"><\/div><a class=\"show_city show_city_3\"><\/a><div class=\"city city_4\"><\/div><a class=\"show_city show_city_4\"><\/a><div class=\"city city_5\"><\/div><a class=\"show_city show_city_5\"><\/a><div class=\"city city_6\"><\/div><a class=\"show_city show_city_6\"><\/a>\n    <\/div>\n    <div id=\"block_4\" class=\"panel\">\n        <div class=\"outer_scr\">\n            <a class=\"scr\" rel=\"GoT\" id=\"scr1\" data-fancybox=\"images\" href=\"https:\/\/p-cdn.espritgames.ru\/wp-content\/themes\/espritgames\/promo\/got-main\/img\/4\/de\/GoT_screen_1.jpg\">\n                <img src=\"https:\/\/p-cdn.espritgames.ru\/wp-content\/themes\/espritgames\/promo\/got-main\/img\/4\/screen1_preview.jpg\">\n            <\/a>\n            <a class=\"scr\" rel=\"GoT\" id=\"scr2\" data-fancybox=\"images\" href=\"https:\/\/p-cdn.espritgames.ru\/wp-content\/themes\/espritgames\/promo\/got-main\/img\/4\/de\/GoT_screen_2.jpg\">\n                <img src=\"https:\/\/p-cdn.espritgames.ru\/wp-content\/themes\/espritgames\/promo\/got-main\/img\/4\/screen2_preview.jpg\">\n            <\/a>\n            <a class=\"scr\" rel=\"GoT\" id=\"scr3\" data-fancybox=\"images\" href=\"https:\/\/p-cdn.espritgames.ru\/wp-content\/themes\/espritgames\/promo\/got-main\/img\/4\/de\/GoT_screen_3.jpg\">\n                <img src=\"https:\/\/p-cdn.espritgames.ru\/wp-content\/themes\/espritgames\/promo\/got-main\/img\/4\/screen3_preview.jpg\">\n            <\/a>\n            <a class=\"scr\" rel=\"GoT\" id=\"scr4\" data-fancybox=\"images\" href=\"https:\/\/p-cdn.espritgames.ru\/wp-content\/themes\/espritgames\/promo\/got-main\/img\/4\/GoT_screen_4.jpg\">\n                <img src=\"https:\/\/p-cdn.espritgames.ru\/wp-content\/themes\/espritgames\/promo\/got-main\/img\/4\/screen4_preview.jpg\">\n            <\/a>\n            <a class=\"scr\" rel=\"GoT\" id=\"scr5\" data-fancybox=\"images\" href=\"https:\/\/p-cdn.espritgames.ru\/wp-content\/themes\/espritgames\/promo\/got-main\/img\/4\/de\/GoT_screen_5.jpg\">\n                <img src=\"https:\/\/p-cdn.espritgames.ru\/wp-content\/themes\/espritgames\/promo\/got-main\/img\/4\/screen5_preview.jpg\">\n            <\/a>\n            <a class=\"scr\" rel=\"GoT\" id=\"scr6\" data-fancybox=\"images\" href=\"https:\/\/p-cdn.espritgames.ru\/wp-content\/themes\/espritgames\/promo\/got-main\/img\/4\/de\/GoT_screen_6.jpg\">\n                <img src=\"https:\/\/p-cdn.espritgames.ru\/wp-content\/themes\/espritgames\/promo\/got-main\/img\/4\/screen6_preview.jpg\">\n            <\/a>\n        <\/div>\n        <div class=\"dwarf\"><\/div>\n    <\/div>\n    <div id=\"block_5\" class=\"panel\">\n        <div class=\"icon_txt_outer\">\n            <div class=\"icon_txt icon_txt_1\">Das offizielle Spiel der Serie \"Game of Thrones\"<\/div>\n            <div class=\"icon_txt icon_txt_2\">Hochwertige Grafik, die die fabelhafte Weltatmosph\u00e4re einfangen<\/div>\n            <div class=\"icon_txt icon_txt_3\">Gro\u00dfartige Schlachten mit riesigen Armeen<\/div>\n            <div class=\"icon_txt icon_txt_4\">Entwicklung und Schutz der eigenen Burg sowie Eroberung feindlicher Gebiete<\/div>\n            <div class=\"icon_txt icon_txt_5\">Bilden Sie Allianzen mit anderen Spielern und PVP-Schlachten<\/div>\n            <div class=\"icon_txt icon_txt_6\">die M\u00f6glichkeit, deinen eigenen Drachen zu z\u00fcchten, um seine Kraft im Kampf einzusetzen!<\/div>\n        <\/div><a href=\".\/go\/\" class=\"play_btn play_btn_de\"><\/a>   \n        <p class=\"copy\">Game of Thrones series title and artwork TM & \u00a92020 Home Box Office, Inc. All Rights Reserved.<br> HBO and related trademarks are the property of Home Box Office, Inc. Under license to WB Games.<\/p>\n        <div class=\"dev_logos\"><\/div>\n    <\/div>\n<\/div>\n\n    <div class=\"outer_ext_form\"><a class=\"outer_ext_form_close\">\u00d7<\/a><div id=\"osdk-auth-widget-holder\" style=\"width: 389px; height: 720px; \"><div id=\"loader\"><\/div><\/div>\n    <script>\n    var show_on_demand = false;\n    !function(a,b,c,d){a._osdkAuthFn=d,a[d]=a[d]||function(){(a[d].cs=a[d].cs||[]).push(arguments)};var e=b.createElement(\"script\"),f=b.getElementsByTagName(\"script\")[0];e.async=1,e.src=c,f.parentNode.insertBefore(e,f)}(window,document,\"\/\/ostatic.espritgames.com\/auth\/js\/widget.js?v=6\",\"osdkAuthWidget\");\n\n    function osdkShowWidget() {\n        if( document.getElementById('osdk-auth-widget-holder') ) document.getElementById('osdk-auth-widget-holder').innerHTML = '<div id=\"loader\"><b style=\"display:none;\"><\/b><\/div>';\n        \n        osdkAuthWidget({\n            service: 'auth.espritgames.com',\n            holder: 'osdk-auth-widget-holder',\n            width: 389,\n            height: 720,\n            returnTo: 'https:\/\/espritgames.com\/de\/gameofthrones\/go\/',\n            downloadUrl: '',\n            authNotRequired: false,\n            consumer: 'portal-de',\n            locale: 'de_DE',\n            stylesUrl: 'https:\/\/cdn.espritgames.ru\/espritgames-auth-custom\/got_lands.de.css?v=11',\n            eula: 'gameofthrones'\n        });\n    }\n    if( !show_on_demand ) osdkShowWidget();\n    <\/script>\n    <\/div>\n<\/div><\/div><\/div><\/div><\/div>","protected":false},"excerpt":{"rendered":"<p>NeuigkeitenF\u00fchrungForen Erobert Westeros! Das Strategie-Browserspiel in einer der ikonischsten Kulissen. Es ist Zeit, eure eigene Geschichte von Westeros zu schreiben! Sie haben die einmalige Gelegenheit, als junger Lord, der eine der vielen Siedlungen von Westeros f\u00fchrte, am Kampf um den Eisernen Thron teilzunehmen. Unter der Anleitung eines erfahrenen Beraters der Priesterin des Herrn des Lichts, &hellip; <a href=\"https:\/\/espritgames.com\/de\/gameofthrones\/\" class=\"more-link\"><span class=\"screen-reader-text\">Game of Thrones<\/span> weiterlesen <span class=\"meta-nav\">&rarr;<\/span><\/a><\/p>\n","protected":false},"author":1969676,"featured_media":0,"parent":0,"menu_order":0,"comment_status":"closed","ping_status":"closed","template":"page-templates\/landing.php","meta":[],"_links":{"self":[{"href":"https:\/\/espritgames.com\/de\/wp-json\/wp\/v2\/pages\/29728"}],"collection":[{"href":"https:\/\/espritgames.com\/de\/wp-json\/wp\/v2\/pages"}],"about":[{"href":"https:\/\/espritgames.com\/de\/wp-json\/wp\/v2\/types\/page"}],"author":[{"embeddable":true,"href":"https:\/\/espritgames.com\/de\/wp-json\/wp\/v2\/users\/1969676"}],"replies":[{"embeddable":true,"href":"https:\/\/espritgames.com\/de\/wp-json\/wp\/v2\/comments?post=29728"}],"version-history":[{"count":49,"href":"https:\/\/espritgames.com\/de\/wp-json\/wp\/v2\/pages\/29728\/revisions"}],"predecessor-version":[{"id":87745,"href":"https:\/\/espritgames.com\/de\/wp-json\/wp\/v2\/pages\/29728\/revisions\/87745"}],"wp:attachment":[{"href":"https:\/\/espritgames.com\/de\/wp-json\/wp\/v2\/media?parent=29728"}],"curies":[{"name":"wp","href":"https:\/\/api.w.org\/{rel}","templated":true}]}}