


 


						{"id":12395,"date":"2019-02-01T12:59:19","date_gmt":"2019-02-01T10:59:19","guid":{"rendered":"https:\/\/espritgames.com\/de\/?page_id=12395"},"modified":"2021-01-13T15:26:06","modified_gmt":"2021-01-13T14:26:06","slug":"aufstiegderdrachen","status":"publish","type":"page","link":"https:\/\/espritgames.com\/de\/aufstiegderdrachen\/","title":{"rendered":"Aufstieg der Drachen"},"content":{"rendered":"<div class=\"e-landing\" id=\"dragonring\">\n<div class=\"e-content\">\n<div id=\"esprit-auth-widget-holder\" style=\"width: 535px; height: 690px; \"><div id=\"loader\"><\/div><\/div>\n    <script>\n    var show_on_demand = false;\n    !function(a,b,c,d){a._osdkAuthFn=d,a[d]=a[d]||function(){(a[d].cs=a[d].cs||[]).push(arguments)};var e=b.createElement(\"script\"),f=b.getElementsByTagName(\"script\")[0];e.async=1,e.src=c,f.parentNode.insertBefore(e,f)}(window,document,\"\/\/ostatic.espritgames.com\/auth\/js\/widget.js?v=6\",\"osdkAuthWidget\");\n\n    function osdkShowWidget() {\n        if( document.getElementById('esprit-auth-widget-holder') ) document.getElementById('esprit-auth-widget-holder').innerHTML = '<div id=\"loader\"><b style=\"display:none;\"><\/b><\/div>';\n        \n        osdkAuthWidget({\n            service: 'auth.espritgames.com',\n            holder: 'esprit-auth-widget-holder',\n            width: 535,\n            height: 690,\n            returnTo: 'https:\/\/espritgames.com\/de\/aufstiegderdrachen\/',\n            downloadUrl: 'https:\/\/cdn.espritgames.ru\/download\/loader_de_faad8313312c41c2942ec56e75e827ca.exe',\n            authNotRequired: false,\n            consumer: 'portal-de',\n            locale: 'de_DE',\n            stylesUrl: 'https:\/\/cdn.espritgames.ru\/espritgames-auth-custom\/drg-form.css?v=1.22',\n            eula: 'dragonring'\n        });\n    }\n    if( !show_on_demand ) osdkShowWidget();\n    <\/script>\n<div class=\"e-text-header\"><\/div>\n<div class=\"e-text\">\n<h1>Aufstieg der Drachen<\/h1>\n<p class=\"e-text-menu\"><a href=\"https:\/\/cdn.espritgames.ru\/download\/loader_de.exe\">Play<\/a>, <a download href=\"https:\/\/cdn.espritgames.ru\/download\/DR_DE_loader.exe\">Client<\/a>, <a href=\"\/de\/support\/\">Support<\/a>, <a href=\"\/de\/forum\/go\/aufstiegderdrachen\/\">Forum<\/a>, <a href=\".\/news\/\">Neuigkeiten<\/a><\/p>\n<p>Aufstieg der Drachen ist ein faszinierendes MMORG, welches selbst die erfahrensten Spieler mit seiner Pracht \u00fcberrascht. Unglaubliche 3-D-Graphiken, dynamische PvP-Schlachten, faszinierende Spielevents und Pr\u00fcfungen, jede Menge M\u00f6glichkeiten, den Helden zu verbessern und die wundervolle Welt von Aldimor warten bereits im Spiel auf dich!<\/p>\n<ul>\n<li> Ein komplettes MMORPG mit 3-D-Graphik in deinem Browser.<\/li>\n<li> Viele spannende PvP- und PvE-Events.<\/li>\n<li> Gildenunionen und Allianzen.<\/li>\n<li> Freie Kamerasteuerung und die M\u00f6glichkeit, die Welt aus jedem Blickwinkel zu betrachten.<\/li>\n<li> Epische Interserver-Schlachten um Gebiete und Ressourcen.<\/li>\n<\/ul>\n<p>All dies und mehr erwartet dich im Spiel \u201eAufstieg der Drachen\u201c!<\/p>\n<div style=\"width: 100%; margin: 0 auto;\" class=\"ml-slider-3-7-2 ml-slider-pro-2-6-5 metaslider metaslider-flex metaslider-12428 ml-slider in-game-slider nav-hidden\">\n    <style type=\"text\/css\" id=\"metaslider-css-12428\">\n        #metaslider_12428.flexslider .slides li {margin-right: 10px !important;}\n \n\t.metaslider-12428 .flexslider .flex-control-paging li a,\n\t.metaslider-12428 .flexslider .flex-control-paging li a:hover {\n\t\tpadding: 0;\n\t\tbox-shadow: none;\n\t\ttext-indent: -9999px;\n\t\tborder-style: solid;\n\t\tdisplay: inline-block;\n\t\tborder-color: rgba(0,0,0,1);\n\t\tborder-radius: 10px;\n\t\t-webkit-border-radius: 10px;\n\t\t-moz-border-radius: 10px;\n\t\tborder-width: 0px;\n\t\tborder: 0px solid rgba(0,0,0,1);\n\t\tline-height: 12px;\n\t\twidth: 12px;\n\t\theight: 12px;\n\t\tmargin: 0 4px;\n\t\tbackground: rgb(0,0,0);\n\t\tbackground: rgba(0,0,0,0.5);\n\t\tbackground: -webkit-gradient(linear, 0% 0%, 0% 100%, from(rgba(0,0,0,0.5)), to(rgba(0,0,0,0.5)));\n\t\tbackground: -webkit-linear-gradient(top, rgba(0,0,0,0.5), rgba(0,0,0,0.5));\n\t\tbackground: -moz-linear-gradient(top, rgba(0,0,0,0.5), rgba(0,0,0,0.5));\n\t\tbackground: -ms-linear-gradient(top, rgba(0,0,0,0.5), rgba(0,0,0,0.5));\n\t\tbackground: -o-linear-gradient(top, rgba(0,0,0,0.5), rgba(0,0,0,0.5));\n\t\tbackground: linear-gradient(top, rgba(0,0,0,0.5), rgba(0,0,0,0.5));\n\t}\n\n\t.metaslider-12428 .flexslider .flex-control-paging li {\n\t\tmargin: 0;\n\t\ttext-indent: 0;\n\t\twidth: auto;\n\t}\n\n\t.metaslider-12428 .flexslider .flex-control-paging li a.flex-active {\n\t\tborder: 0px solid rgba(0,0,0,1);\n\t\tbackground: rgb(0,0,0);\n\t\tbackground: rgba(0,0,0,1);\n\t\tbackground: -webkit-gradient(linear, 0% 0%, 0% 100%, from(rgba(0,0,0,1)), to(rgba(0,0,0,1)));\n\t\tbackground: -webkit-linear-gradient(top, rgba(0,0,0,1), rgba(0,0,0,1));\n\t\tbackground: -moz-linear-gradient(top, rgba(0,0,0,1), rgba(0,0,0,1));\n\t\tbackground: -ms-linear-gradient(top, rgba(0,0,0,1), rgba(0,0,0,1));\n\t\tbackground: -o-linear-gradient(top, rgba(0,0,0,1), rgba(0,0,0,1));\n\t\tbackground: linear-gradient(top, rgba(0,0,0,1), rgba(0,0,0,1));\n\t}\n\n\t.metaslider-12428 .flexslider .flex-control-paging {\n\t\tline-height: 12px;\n\t\tz-index: 99;\n\t\tpadding: 0;\n\t\ttext-align: left;\n\t\tmargin: 10px 0px;\n\t\twidth: 100%;\n\t\ttop: auto;\n\t\tright: auto;\n\t\tbottom: auto;\n\t\tleft: auto;\n\t\tposition: absolute;\n\t\ttext-align: center;\n\t}\n \n\t.metaslider-12428 .flexslider .caption-wrap {\n\t\topacity: 1;\n\t\tmargin: 0px 0px;\n\t\tcolor: rgba(255,255,255,1);\n\t\tbackground: rgb(0,0,0);\n\t\tbackground: rgba(0,0,0,0.7);\n\t\twidth: 100%;\n\t\ttop: auto;\n\t\tright: auto;\n\t\tbottom: 0;\n\t\tleft: 0;\n\t\tclear: none;\n\t\tposition: absolute;\n\t\tborder-radius: 0px;\n\t\t-webkit-border-radius: 0px;\n\t\t-moz-border-radius: 0px;\n\t}\n \n\t.metaslider-12428 .flexslider .flex-direction-nav .flex-prev {\n\t\tbackground: transparent url(https:\/\/espritgames.com\/de\/wp-content\/plugins\/ml-slider-pro\/modules\/theme_editor\/assets\/arrows\/green.png) 0 -498px no-repeat;\n\t\tmargin-top: -17px;\n\t\twidth: 34px;\n\t\theight: 34px;\n\t\topacity: 0;\n\t\tleft: 0px;\n\t\tpadding: 0;\n\t}\n\n\t.metaslider-12428 .flexslider .flex-direction-nav .flex-next {\n\t\tbackground: transparent url(https:\/\/espritgames.com\/de\/wp-content\/plugins\/ml-slider-pro\/modules\/theme_editor\/assets\/arrows\/green.png) 100% -498px no-repeat;\n\t\tmargin-top: -17px;\n\t\twidth: 34px;\n\t\theight: 34px;\n\t\topacity: 0;\n\t\tright: 0px;\n\t\tpadding: 0;\n\t}\n\n\t.metaslider-12428 .flexslider:hover .flex-direction-nav .flex-prev {\n\t\tleft: 5px;\n\t\topacity: 0.9;\n\t}\n\n\t.metaslider-12428 .flexslider:hover .flex-direction-nav .flex-next {\n\t\tright: 5px;\n\t\topacity: 0.9;\n\t}\n\n\t.metaslider-12428 {\n\t\tmargin-bottom: 32px;\n\t}\n\n    <\/style>\n    <div id=\"metaslider_container_12428\">\n        <div id=\"metaslider_12428\">\n            <ul class=\"slides\">\n                <li style=\"display: none; width: 100%;\" class=\"slide-12434 ms-image\"><a href=\"?esc=site_de_news\" target=\"_self\"><img src=\"https:\/\/espritgames.com\/de\/wp-content\/uploads\/sites\/4\/2019\/02\/Screens_GER_702x435_5.jpg\" height=\"435\" width=\"702\" alt=\"\" class=\"slider-12428 slide-12434\" title=\"Screens_GER_702x435_5\" \/><\/a><\/li>\n                <li style=\"display: none; width: 100%;\" class=\"slide-12435 ms-image\"><a href=\"?esc=site_de_news\" target=\"_self\"><img src=\"https:\/\/espritgames.com\/de\/wp-content\/uploads\/sites\/4\/2019\/02\/Screens_GER_702x435_1.jpg\" height=\"435\" width=\"702\" alt=\"\" class=\"slider-12428 slide-12435\" title=\"Screens_GER_702x435_1\" \/><\/a><\/li>\n                <li style=\"display: none; width: 100%;\" class=\"slide-12436 ms-image\"><a href=\"?esc=site_de_news\" target=\"_self\"><img src=\"https:\/\/espritgames.com\/de\/wp-content\/uploads\/sites\/4\/2019\/02\/Screens_GER_702x435_2.jpg\" height=\"435\" width=\"702\" alt=\"\" class=\"slider-12428 slide-12436\" title=\"Screens_GER_702x435_2\" \/><\/a><\/li>\n                <li style=\"display: none; width: 100%;\" class=\"slide-12437 ms-image\"><a href=\"?esc=site_de_news\" target=\"_self\"><img src=\"https:\/\/espritgames.com\/de\/wp-content\/uploads\/sites\/4\/2019\/02\/Screens_GER_702x435_3.jpg\" height=\"435\" width=\"702\" alt=\"\" class=\"slider-12428 slide-12437\" title=\"Screens_GER_702x435_3\" \/><\/a><\/li>\n                <li style=\"display: none; width: 100%;\" class=\"slide-12438 ms-image\"><a href=\"?esc=site_de_news\" target=\"_self\"><img src=\"https:\/\/espritgames.com\/de\/wp-content\/uploads\/sites\/4\/2019\/02\/Screens_GER_702x435_4.jpg\" height=\"435\" width=\"702\" alt=\"\" class=\"slider-12428 slide-12438\" title=\"Screens_GER_702x435_4\" \/><\/a><\/li>\n            <\/ul>\n        <\/div>\n        \n    <\/div>\n<\/div><\/div>\n<\/p><\/div>\n<\/div>\n","protected":false},"excerpt":{"rendered":"<p>Aufstieg der Drachen Play, Client, Support, Forum, Neuigkeiten Aufstieg der Drachen ist ein faszinierendes MMORG, welches selbst die erfahrensten Spieler mit seiner Pracht \u00fcberrascht. Unglaubliche 3-D-Graphiken, dynamische PvP-Schlachten, faszinierende Spielevents und Pr\u00fcfungen, jede Menge M\u00f6glichkeiten, den Helden zu verbessern und die wundervolle Welt von Aldimor warten bereits im Spiel auf dich! Ein komplettes MMORPG mit &hellip; <a href=\"https:\/\/espritgames.com\/de\/aufstiegderdrachen\/\" class=\"more-link\"><span class=\"screen-reader-text\">Aufstieg der Drachen<\/span> weiterlesen <span class=\"meta-nav\">&rarr;<\/span><\/a><\/p>\n","protected":false},"author":1969676,"featured_media":0,"parent":0,"menu_order":0,"comment_status":"closed","ping_status":"closed","template":"page-templates\/landing.php","meta":[],"_links":{"self":[{"href":"https:\/\/espritgames.com\/de\/wp-json\/wp\/v2\/pages\/12395"}],"collection":[{"href":"https:\/\/espritgames.com\/de\/wp-json\/wp\/v2\/pages"}],"about":[{"href":"https:\/\/espritgames.com\/de\/wp-json\/wp\/v2\/types\/page"}],"author":[{"embeddable":true,"href":"https:\/\/espritgames.com\/de\/wp-json\/wp\/v2\/users\/1969676"}],"replies":[{"embeddable":true,"href":"https:\/\/espritgames.com\/de\/wp-json\/wp\/v2\/comments?post=12395"}],"version-history":[{"count":39,"href":"https:\/\/espritgames.com\/de\/wp-json\/wp\/v2\/pages\/12395\/revisions"}],"predecessor-version":[{"id":46036,"href":"https:\/\/espritgames.com\/de\/wp-json\/wp\/v2\/pages\/12395\/revisions\/46036"}],"wp:attachment":[{"href":"https:\/\/espritgames.com\/de\/wp-json\/wp\/v2\/media?parent=12395"}],"curies":[{"name":"wp","href":"https:\/\/api.w.org\/{rel}","templated":true}]}}