 


						{"id":5681,"date":"2022-01-25T10:48:21","date_gmt":"2022-01-25T09:48:21","guid":{"rendered":"https:\/\/espritgames.com\/cz\/?page_id=5681"},"modified":"2022-02-11T17:01:58","modified_gmt":"2022-02-11T16:01:58","slug":"main","status":"publish","type":"page","link":"https:\/\/espritgames.com\/cz\/","title":{"rendered":"Main"},"content":{"rendered":"<div id=\"pl-5681\"  class=\"panel-layout\" ><div id=\"pg-5681-0\"  class=\"panel-grid panel-no-style\" ><div id=\"pgc-5681-0-0\"  class=\"panel-grid-cell\" ><div id=\"panel-5681-0-0-0\" class=\"widget_text so-panel widget widget_custom_html panel-first-child\" data-index=\"0\" ><div class=\"widget_text top_banner panel-widget-style panel-widget-style-for-5681-0-0-0\" ><div class=\"textwidget custom-html-widget\"><ul id=\"slider\" class=\"gallery list-unstyled cS-hidden\">\r\n\t \t\t\t<li id=\"bnr_darkgenesis\"  style=\"background:url(https:\/\/p-cdn.espritgames.ru\/wp-content\/uploads\/sites\/10\/2022\/01\/DG_banner_site_2.jpg) no-repeat center top;\">\r\n\t \t\t\t\t\r\n\t\t            \r\n\t\t\t        \t<div class=\"about_base about_base_update\">\r\n\t\t\t            \t<div class=\"bnnr_logo\"><img src=\"https:\/\/p-cdn.espritgames.ru\/wp-content\/uploads\/sites\/10\/2022\/01\/DG_logo.png\" \/><\/div>\r\n\t\t\t\t            <h1>Dark Genesis<\/h1>\r\n\t\t\t\t            <strong class=\"short_desc\">Scatena il tuo lato oscuro!<\/strong>\r\n\t\t\t\t            <ul class=\"src_thumb_set\">\r\n\t\t\t\t                <li>RPG<\/li>\r\n\t\t\t\t                <li> MOBILE<\/li>\r\n\t\t\t\t                <li> ARENA PVP<\/li>\r\n\t\t\t\t            <\/ul>\r\n\t\t\t\t            <a class=\"big_play_btn\" href=\"https:\/\/espritgames.com\/cz\/darkgenesis\/?esc=site_cz_frontpage_banner\" title=\"\"><img src=\" \" alt=\"\u0418\u0433\u0440\u0430\u0442\u044c\" \/><\/a>\r\n\t\t\t            <\/div>\r\n\t\t            \r\n\t\t            \r\n\t          \t<\/li>\r\n\t \t\t\t<li id=\"bnr_dracipan\"  style=\"background:url(https:\/\/p-cdn.espritgames.ru\/wp-content\/uploads\/sites\/10\/2020\/03\/DL_banner.jpg) no-repeat center top;\">\r\n\t \t\t\t\t\r\n\t\t            \r\n\t\t\t        \t<div class=\"about_base about_base_update\">\r\n\t\t\t            \t<div class=\"bnnr_logo\"><img src=\"https:\/\/p-cdn.espritgames.ru\/wp-content\/themes\/espritgames\/promo\/dl-cz\/logo.png\" \/><\/div>\r\n\t\t\t\t            <h1>Dragon Lord<\/h1>\r\n\t\t\t\t            <strong class=\"short_desc\">Podma\u0148 si mocn\u00e9 draky v obrovsk\u00e9m vesm\u00edru Dra\u010d\u00edho P\u00e1na!<\/strong>\r\n\t\t\t\t            <ul class=\"src_thumb_set\">\r\n\t\t\t\t                <li>PvP<\/li>\r\n\t\t\t\t                <li> Spectacular fights<\/li>\r\n\t\t\t\t                <li> Dragons<\/li>\r\n\t\t\t\t            <\/ul>\r\n\t\t\t\t            <a class=\"big_play_btn\" href=\"https:\/\/espritgames.com\/cz\/dracipan\/?esc=site_cz_frontpage_banner\" title=\"\"><img src=\" \" alt=\"\u0418\u0433\u0440\u0430\u0442\u044c\" \/><\/a>\r\n\t\t\t            <\/div>\r\n\t\t            \r\n\t\t            \r\n\t          \t<\/li><\/ul><\/div><\/div><\/div><div id=\"panel-5681-0-0-1\" class=\"widget_text so-panel widget widget_custom_html\" data-index=\"1\" ><div class=\"widget_text hide_hide news_ttl new_hide panel-widget-style panel-widget-style-for-5681-0-0-1\" ><div class=\"textwidget custom-html-widget\">Hry<\/div><\/div><\/div><div id=\"panel-5681-0-0-2\" class=\"widget_text so-panel widget widget_custom_html\" data-index=\"2\" ><div class=\"textwidget custom-html-widget\"><ul id=\"frontpage-games\">\r\n\t\t    \t\t<li ><sup class='new'>NEW<\/sup>\r\n\t\t    \t\t<a class=\"ttl_link\" href=\"https:\/\/espritgames.com\/cz\/darkgenesis\/?esc=site_com_frontpage_catalog\"><\/a>\r\n\t\t    \t\t<a href=\"https:\/\/espritgames.com\/cz\/darkgenesis\/?esc=site_com_frontpage_catalog\"><img src=\"\/it\/wp-content\/uploads\/sites\/10\/2022\/01\/DG_thumb.jpg\" \/><\/a>\r\n\t\t\t\t\t<div class=\"hover_block new_hide\">\r\n\t\t\t\t\t\t<a href=\"https:\/\/espritgames.com\/cz\/darkgenesis\/?esc=site_com_frontpage_catalog\" class=\"hover_name\">Dark Genesis<\/a>\r\n\t\t\t\t\t\t<p class=\"hover_txt subttl\">RPG | MOBILN\u00cd | PVP AR\u00c9NA<\/p>\r\n\t\t\t\t\t\t<p class=\"hover_txt\">Uka\u017e svou temnou str\u00e1nku!<\/p>\r\n\t\t\t\t\t<\/div>\r\n\t\t\t\t\t<\/li>\r\n\t\t    \t\t<li ><sup class='hit' style='color: red'>HIT<\/sup>\r\n\t\t    \t\t<a class=\"ttl_link\" href=\"https:\/\/espritgames.com\/cz\/dracipan\/?esc=site_com_frontpage_catalog\"><\/a>\r\n\t\t    \t\t<a href=\"https:\/\/espritgames.com\/cz\/dracipan\/?esc=site_com_frontpage_catalog\"><img src=\"\/cz\/wp-content\/uploads\/sites\/9\/2022\/01\/DL_cz_thumb.jpg\" \/><\/a>\r\n\t\t\t\t\t<div class=\"hover_block new_hide\">\r\n\t\t\t\t\t\t<a href=\"https:\/\/espritgames.com\/cz\/dracipan\/?esc=site_com_frontpage_catalog\" class=\"hover_name\">Dragon Lord<\/a>\r\n\t\t\t\t\t\t<p class=\"hover_txt subttl\">MMORPG | PVP<\/p>\r\n\t\t\t\t\t\t<p class=\"hover_txt\">Podma\u0148 si mocn\u00e9 draky v obrovsk\u00e9m vesm\u00edru Dra\u010d\u00edho P\u00e1na!<\/p>\r\n\t\t\t\t\t<\/div>\r\n\t\t\t\t\t<\/li><\/ul><\/div><\/div><div id=\"panel-5681-0-0-3\" class=\"widget_text so-panel widget widget_custom_html panel-last-child\" data-index=\"3\" ><div class=\"widget_text icon_block_outer panel-widget-style panel-widget-style-for-5681-0-0-3\" ><div class=\"textwidget custom-html-widget\"><div class=\"icon_block\">\n    <img src=\"\/wp-content\/themes\/espritgames\/img\/main\/com\/en\/ico1.jpg\">\n    <h4>Hrajte se sv\u00fdmi p\u0159\u00e1teli<\/h4>\n    <p>Nem\u016f\u017eete se rozhodnout, co si s p\u0159\u00e1teli zahr\u00e1t? M\u00e1me pro v\u00e1s seznam nejlep\u0161\u00edch online her zdarma pro dva a v\u00edce hr\u00e1\u010d\u016f! Nez\u00e1le\u017e\u00ed na tom, jestli chcete soupe\u0159it nebo bojovat bok po boku, hr\u00e1t ve velk\u00e9 skupin\u011b nebo jen ve dvou \u2013 nejd\u016fle\u017eit\u011bj\u0161\u00ed je, \u017ee to v\u0161e m\u016f\u017eete d\u011blat spole\u010dn\u011b. Vytv\u00e1\u0159ejte postavy, podma\u0148te si nov\u00e9 sv\u011bty, stav\u011bjte m\u011bsta a bavte se! Online hry nejsou jen mo\u017enost\u00ed, jak se bavit spole\u010dn\u011b se star\u00fdmi p\u0159\u00e1teli, ale tak\u00e9 p\u0159\u00edle\u017eitost\u00ed k pozn\u00e1n\u00ed nov\u00fdch lid\u00ed. P\u0159idejte se ke klan\u016fm, chatujte a najd\u011bte nov\u00e9 p\u0159\u00e1tele!<\/p>\n<\/div>\n<div class=\"icon_block icon_block_2\">\n    <img src=\"\/wp-content\/themes\/espritgames\/img\/main\/com\/en\/ico2.jpg\">\n    <h4>NEJLEP\u0160\u00cd online hry<\/h4>\n    <p>V Esprit Games jsme pro v\u00e1s p\u0159ipravili ty nejlep\u0161\u00ed online hry v ru\u0161tin\u011b! Na v\u00fdb\u011br m\u00e1me mnoho \u017e\u00e1nr\u016f a prost\u0159ed\u00ed \u2013 ur\u010dit\u011b na v\u00e1s mezi nimi \u010dek\u00e1 v\u00e1\u0161 osobn\u00ed favorit: strategie, MMORPG, IDLE, animovan\u00e9 RPG a dal\u0161\u00ed. M\u016f\u017eete stav\u011bt m\u011bsta, budovat obrovsk\u00e9 arm\u00e1dy, nebo bojovat jednou rukou proti hord\u00e1m nep\u0159\u00e1tel. Pono\u0159te se do fantasy sv\u011bta drak\u016f a elf\u016f... Nebo d\u00e1v\u00e1te p\u0159ednost n\u011b\u010demu re\u00e1ln\u011bj\u0161\u00edmu? Z na\u0161\u00ed nab\u00eddky si ur\u010dit\u011b vyberete hru, kter\u00e1 se v\u00e1m bude l\u00edbit. Objevte sv\u011bt her ve sv\u00e9m webov\u00e9m prohl\u00ed\u017ee\u010di!<\/p>\n    <img class=\"border_img\" src=\"\/wp-content\/themes\/espritgames\/img\/main\/com\/en\/ceo_divider_1.jpg\">\n    <img class=\"border_img border_img_2\" src=\"\/wp-content\/themes\/espritgames\/img\/main\/com\/en\/ceo_divider_2.jpg\">\n<\/div>\n<div class=\"icon_block\">\n    <img src=\"\/wp-content\/themes\/espritgames\/img\/main\/com\/en\/ico3.jpg\">\n    <h4>Hry bez nutnosti stahov\u00e1n\u00ed<\/h4>\n    <p>Hr\u00e1t m\u016f\u017eete za\u010d\u00edt rovnou v tomhle okn\u011b prohl\u00ed\u017ee\u010de. Online hry pro prohl\u00ed\u017ee\u010d nemus\u00edte stahovat ani instalovat na sv\u016fj po\u010d\u00edta\u010d. Prost\u011b otev\u0159ete na\u0161e str\u00e1nky a hrajte online. Je to bezpe\u010dn\u00e9, snadn\u00e9 a zdarma. Sta\u010d\u00ed kliknout na hru a vrhnout se do dobrodru\u017estv\u00ed. Na\u0161e bezplatn\u00e9 hry pro prohl\u00ed\u017ee\u010d jsou praktick\u00e9, snadno ovladateln\u00e9 a maj\u00ed skv\u011blou grafiku. Jsou kompatibiln\u00ed i s ne zrovna v\u00fdkonn\u00fdmi po\u010d\u00edta\u010di. Se vzru\u0161uj\u00edc\u00edmi online hrami pro dosp\u011bl\u00e9 se ji\u017e nikdy nebudete nudit.<\/p>\n<\/div><\/div><\/div><\/div><\/div><\/div><\/div>","protected":false},"excerpt":{"rendered":"<p>Dark Genesis Scatena il tuo lato oscuro! RPG MOBILE ARENA PVP Dragon Lord Podma\u0148 si mocn\u00e9 draky v obrovsk\u00e9m vesm\u00edru Dra\u010d\u00edho P\u00e1na! PvP Spectacular fights Dragons Hry NEW Dark Genesis RPG | MOBILN\u00cd | PVP AR\u00c9NA Uka\u017e svou temnou str\u00e1nku! HIT Dragon Lord MMORPG | PVP Podma\u0148 si mocn\u00e9 draky v obrovsk\u00e9m vesm\u00edru Dra\u010d\u00edho P\u00e1na! &hellip; <a href=\"https:\/\/espritgames.com\/cz\/\" class=\"more-link\">Continue reading <span class=\"screen-reader-text\">Main<\/span> <span class=\"meta-nav\">&rarr;<\/span><\/a><\/p>\n","protected":false},"author":1969676,"featured_media":0,"parent":0,"menu_order":0,"comment_status":"closed","ping_status":"closed","template":"page-templates\/main_com.php","meta":[],"_links":{"self":[{"href":"https:\/\/espritgames.com\/cz\/wp-json\/wp\/v2\/pages\/5681"}],"collection":[{"href":"https:\/\/espritgames.com\/cz\/wp-json\/wp\/v2\/pages"}],"about":[{"href":"https:\/\/espritgames.com\/cz\/wp-json\/wp\/v2\/types\/page"}],"author":[{"embeddable":true,"href":"https:\/\/espritgames.com\/cz\/wp-json\/wp\/v2\/users\/1969676"}],"replies":[{"embeddable":true,"href":"https:\/\/espritgames.com\/cz\/wp-json\/wp\/v2\/comments?post=5681"}],"version-history":[{"count":63,"href":"https:\/\/espritgames.com\/cz\/wp-json\/wp\/v2\/pages\/5681\/revisions"}],"predecessor-version":[{"id":5800,"href":"https:\/\/espritgames.com\/cz\/wp-json\/wp\/v2\/pages\/5681\/revisions\/5800"}],"wp:attachment":[{"href":"https:\/\/espritgames.com\/cz\/wp-json\/wp\/v2\/media?parent=5681"}],"curies":[{"name":"wp","href":"https:\/\/api.w.org\/{rel}","templated":true}]}}