 


						{"id":5616,"date":"2022-01-14T17:43:25","date_gmt":"2022-01-14T16:43:25","guid":{"rendered":"https:\/\/espritgames.com\/cz\/?page_id=5616"},"modified":"2022-01-14T17:55:15","modified_gmt":"2022-01-14T16:55:15","slug":"darkgenesis","status":"publish","type":"page","link":"https:\/\/espritgames.com\/cz\/darkgenesis\/","title":{"rendered":"Dark Genesis"},"content":{"rendered":"<div id=\"pl-5616\"  class=\"panel-layout\" ><div id=\"pg-5616-0\"  class=\"panel-grid panel-no-style\" ><div id=\"pgc-5616-0-0\"  class=\"panel-grid-cell\" ><div id=\"panel-5616-0-0-0\" class=\"widget_text so-panel widget widget_custom_html panel-first-child panel-last-child\" data-index=\"0\" ><div class=\"textwidget custom-html-widget\"><div class=\"outer_ext_form\" style=\"display:none;\">\n\t\t<a class=\"outer_ext_form_close\">&times;<\/a>\n\t\t<div id=\"osdk-auth-widget-holder\" style=\"width: 600px; height: 700px; \"><div id=\"loader\"><\/div><\/div>\n    <script>\n    var show_on_demand = false;\n    !function(a,b,c,d){a._osdkAuthFn=d,a[d]=a[d]||function(){(a[d].cs=a[d].cs||[]).push(arguments)};var e=b.createElement(\"script\"),f=b.getElementsByTagName(\"script\")[0];e.async=1,e.src=c,f.parentNode.insertBefore(e,f)}(window,document,\"\/\/ostatic.espritgames.com\/auth\/js\/widget.js?v=6\",\"osdkAuthWidget\");\n\n    function osdkShowWidget() {\n        if( document.getElementById('osdk-auth-widget-holder') ) document.getElementById('osdk-auth-widget-holder').innerHTML = '<div id=\"loader\"><b style=\"display:none;\"><\/b><\/div>';\n        \n        osdkAuthWidget({\n            service: 'auth.espritgames.com',\n            holder: 'osdk-auth-widget-holder',\n            width: 600,\n            height: 700,\n            returnTo: 'https:\/\/espritgames.com\/cz\/darkgenesis\/go\/',\n            downloadUrl: '',\n            authNotRequired: false,\n            consumer: 'portal-cz',\n            locale: 'cz_CZ',\n            stylesUrl: 'https:\/\/cdn.espritgames.ru\/espritgames-auth-custom\/dg-form_cz.css?v=1',\n            eula: 'darkgenesis'\n        });\n    }\n    if( !show_on_demand ) osdkShowWidget();\n    <\/script>\n<\/div>\n<div class=\"b1\">\n   <div class=\"lp\"><\/div><div class=\"rp\"><\/div>\n<\/div>\n<div class=\"b2 loahf_pc\">\n\t<img class=\"top_logo\" src=\"https:\/\/p-cdn.espritgames.ru\/wp-content\/themes\/espritgames\/promo\/dg-main\/img\/top_block\/logo_main.png\">\n\t<a class=\"dwld_btn bnt_p_open dwld_btn_cz\"><\/a> \n\t<!--<p class=\"desc\">*\u0432\u0430\u043c \u043d\u0435\u043e\u0431\u0445\u043e\u0434\u0438\u043c\u043e \u0437\u0430\u0433\u0440\u0443\u0437\u0438\u0442\u044c <a class=\"bnt_p_open\" href=\"https:\/\/cdn.espritgames.ru\/download\/loader_ru.exe\">Esprit Games Center<\/a> \u0434\u043b\u044f \u0438\u0433\u0440\u044b<\/p>-->\n<\/div>\n<div class=\"b3 b3_en\"><div style=\"max-width: 1920px; margin: 0 auto;\" class=\"ml-slider-3-7-2 ml-slider-pro-2-6-5 metaslider metaslider-flex metaslider-5622 ml-slider\">\n    \n    <div id=\"metaslider_container_5622\">\n        <div id=\"metaslider_5622\">\n            <ul class=\"slides\">\n                <li style=\"display: block; width: 100%;\" class=\"slide-5629 ms-image\"><img src=\"https:\/\/espritgames.com\/cz\/wp-content\/uploads\/sites\/9\/2022\/01\/screen_1.jpg\" height=\"460\" width=\"1920\" alt=\"\" class=\"slider-5622 slide-5629\" title=\"screen_1\" \/><\/li>\n                <li style=\"display: none; width: 100%;\" class=\"slide-5630 ms-image\"><img src=\"https:\/\/espritgames.com\/cz\/wp-content\/uploads\/sites\/9\/2022\/01\/screen_2.jpg\" height=\"460\" width=\"1920\" alt=\"\" class=\"slider-5622 slide-5630\" title=\"screen_2\" \/><\/li>\n                <li style=\"display: none; width: 100%;\" class=\"slide-5631 ms-image\"><img src=\"https:\/\/espritgames.com\/cz\/wp-content\/uploads\/sites\/9\/2022\/01\/screen_3.jpg\" height=\"460\" width=\"1920\" alt=\"\" class=\"slider-5622 slide-5631\" title=\"screen_3\" \/><\/li>\n                <li style=\"display: none; width: 100%;\" class=\"slide-5632 ms-image\"><img src=\"https:\/\/espritgames.com\/cz\/wp-content\/uploads\/sites\/9\/2022\/01\/screen_4.jpg\" height=\"460\" width=\"1920\" alt=\"\" class=\"slider-5622 slide-5632\" title=\"screen_4\" \/><\/li>\n                <li style=\"display: none; width: 100%;\" class=\"slide-5633 ms-image\"><img src=\"https:\/\/espritgames.com\/cz\/wp-content\/uploads\/sites\/9\/2022\/01\/screen_5.jpg\" height=\"460\" width=\"1920\" alt=\"\" class=\"slider-5622 slide-5633\" title=\"screen_5\" \/><\/li>\n                <li style=\"display: none; width: 100%;\" class=\"slide-5634 ms-image\"><img src=\"https:\/\/espritgames.com\/cz\/wp-content\/uploads\/sites\/9\/2022\/01\/screen_6.jpg\" height=\"460\" width=\"1920\" alt=\"\" class=\"slider-5622 slide-5634\" title=\"screen_6\" \/><\/li>\n            <\/ul>\n        <\/div>\n        \n    <\/div>\n<\/div><\/div>\n<div class=\"b4\">\n\t<div class=\"pers\"><\/div>\n\t<div class=\"psch\"><\/div>\n\t<div class=\"txt_outer\">\n\t\t<span class=\"txt_en\"><br>Vybuduj na pluj\u00edc\u00edm ostrovu mocnou citadelu, svolej sp\u0159\u00e1telen\u00e9 polobohy a zachra\u0148 sv\u011bt p\u0159ed zni\u010den\u00edm! Dark Genesis je dynamick\u00e1 MMORPG hra inspirovan\u00e1 r\u016fzn\u00fdmi m\u00fdty z cel\u00e9ho sv\u011bta. Jen ty dok\u00e1\u017ee\u0161 ukon\u010dit krvavou v\u00e1lku, navr\u00e1tit star\u00fdm boh\u016fm jejich b\u00fdvalou sl\u00e1vu a odhalit tajemstv\u00ed<br> Dark Genesis!<\/span> \n\t<\/div>\n<\/div>\n<div class=\"b5\">\n    <img src=\"https:\/\/p-cdn.espritgames.ru\/wp-content\/themes\/espritgames\/promo\/dg-main\/img\/bottom_block\/logo.png\">\n    <a class=\"btn_link dwld_btn_en btn_link_cz bnt_p_open\"><\/a>\n\t  <!--<img class=\"eg_logo_bottom\" src=\"https:\/\/p-cdn.espritgames.ru\/wp-content\/themes\/espritgames\/promo\/loahf-main\/img\/esprit_logo.png\">\n\t  <p class=\"eg_txt_bottom\">\u0418\u0413\u0420\u041e\u0412\u041e\u0419 \u041f\u041e\u0420\u0422\u0410\u041b ESPRIT GAMES LLC \u00a9 2014 \u2013 [year_now]<\/p>\n\t  <img class=\"footer_16\" src=\"https:\/\/p-cdn.espritgames.ru\/wp-content\/themes\/espritgames\/img\/main\/com\/16+.png\">-->\n<\/div><\/div><\/div><\/div><\/div><\/div>","protected":false},"excerpt":{"rendered":"<p>&times; Vybuduj na pluj\u00edc\u00edm ostrovu mocnou citadelu, svolej sp\u0159\u00e1telen\u00e9 polobohy a zachra\u0148 sv\u011bt p\u0159ed zni\u010den\u00edm! Dark Genesis je dynamick\u00e1 MMORPG hra inspirovan\u00e1 r\u016fzn\u00fdmi m\u00fdty z cel\u00e9ho sv\u011bta. Jen ty dok\u00e1\u017ee\u0161 ukon\u010dit krvavou v\u00e1lku, navr\u00e1tit star\u00fdm boh\u016fm jejich b\u00fdvalou sl\u00e1vu a odhalit tajemstv\u00ed Dark Genesis!<\/p>\n","protected":false},"author":1969676,"featured_media":0,"parent":0,"menu_order":0,"comment_status":"closed","ping_status":"closed","template":"page-templates\/landing.php","meta":[],"_links":{"self":[{"href":"https:\/\/espritgames.com\/cz\/wp-json\/wp\/v2\/pages\/5616"}],"collection":[{"href":"https:\/\/espritgames.com\/cz\/wp-json\/wp\/v2\/pages"}],"about":[{"href":"https:\/\/espritgames.com\/cz\/wp-json\/wp\/v2\/types\/page"}],"author":[{"embeddable":true,"href":"https:\/\/espritgames.com\/cz\/wp-json\/wp\/v2\/users\/1969676"}],"replies":[{"embeddable":true,"href":"https:\/\/espritgames.com\/cz\/wp-json\/wp\/v2\/comments?post=5616"}],"version-history":[{"count":15,"href":"https:\/\/espritgames.com\/cz\/wp-json\/wp\/v2\/pages\/5616\/revisions"}],"predecessor-version":[{"id":5645,"href":"https:\/\/espritgames.com\/cz\/wp-json\/wp\/v2\/pages\/5616\/revisions\/5645"}],"wp:attachment":[{"href":"https:\/\/espritgames.com\/cz\/wp-json\/wp\/v2\/media?parent=5616"}],"curies":[{"name":"wp","href":"https:\/\/api.w.org\/{rel}","templated":true}]}}