 


						{"id":2020,"date":"2020-05-19T16:03:43","date_gmt":"2020-05-19T14:03:43","guid":{"rendered":"http:\/\/espritgames.com\/cz\/?page_id=2020"},"modified":"2021-01-12T19:39:53","modified_gmt":"2021-01-12T18:39:53","slug":"dracipan","status":"publish","type":"page","link":"https:\/\/espritgames.com\/cz\/dracipan\/","title":{"rendered":"Dra\u010d\u00ed P\u00e1n."},"content":{"rendered":"<div id=\"pl-2020\"  class=\"panel-layout\" ><div id=\"pg-2020-0\"  class=\"panel-grid panel-no-style\" ><div id=\"pgc-2020-0-0\"  class=\"panel-grid-cell\" ><style>\n.rpwe-block ul{list-style:none!important;margin-left:0!important;padding-left:0!important;}.rpwe-block li{border-bottom:1px solid #eee;margin-bottom:10px;padding-bottom:10px;list-style-type: none;}.rpwe-block a{display:inline!important;text-decoration:none;}.rpwe-block h3{background:none!important;clear:none;margin-bottom:0!important;margin-top:0!important;font-weight:400;font-size:12px!important;line-height:1.5em;}.rpwe-thumb{border:1px solid #EEE!important;box-shadow:none!important;margin:2px 10px 2px 0;padding:3px!important;}.rpwe-summary{font-size:12px;}.rpwe-time{color:#bbb;font-size:11px;}.rpwe-comment{color:#bbb;font-size:11px;padding-left:5px;}.rpwe-alignleft{display:inline;float:left;}.rpwe-alignright{display:inline;float:right;}.rpwe-aligncenter{display:block;margin-left: auto;margin-right: auto;}.rpwe-clearfix:before,.rpwe-clearfix:after{content:\"\";display:table !important;}.rpwe-clearfix:after{clear:both;}.rpwe-clearfix{zoom:1;}\n<\/style>\n\t<div id=\"panel-2020-0-0-0\" class=\"widget_text so-panel widget widget_custom_html panel-first-child panel-last-child\" data-index=\"0\" ><div class=\"textwidget custom-html-widget\"> <div id=\"esprit-auth-widget-holder\" style=\"width: 628px; height: 750px; margin: 0px 10px 25px 490px;\"><div id=\"loader\"><\/div><\/div>\n    <script>\n    var show_on_demand = false;\n    !function(a,b,c,d){a._osdkAuthFn=d,a[d]=a[d]||function(){(a[d].cs=a[d].cs||[]).push(arguments)};var e=b.createElement(\"script\"),f=b.getElementsByTagName(\"script\")[0];e.async=1,e.src=c,f.parentNode.insertBefore(e,f)}(window,document,\"\/\/ostatic.espritgames.com\/auth\/js\/widget.js?v=6\",\"osdkAuthWidget\");\n\n    function osdkShowWidget() {\n        if( document.getElementById('esprit-auth-widget-holder') ) document.getElementById('esprit-auth-widget-holder').innerHTML = '<div id=\"loader\"><b style=\"display:none;\"><\/b><\/div>';\n        \n        osdkAuthWidget({\n            service: 'auth.espritgames.com',\n            holder: 'esprit-auth-widget-holder',\n            width: 628,\n            height: 750,\n            returnTo: 'https:\/\/espritgames.com\/cz\/dracipan\/go\/',\n            downloadUrl: '',\n            authNotRequired: false,\n            consumer: 'portal-cz',\n            locale: 'cz_CZ',\n            stylesUrl: 'https:\/\/cdn.espritgames.ru\/espritgames-auth-custom\/all-form.cz.css?v=1',\n            eula: 'dracipan'\n        });\n    }\n    if( !show_on_demand ) osdkShowWidget();\n    <\/script>\n<div class=\"pp\"><span>*Proceduri pentru furnizarea de servicii specificate \u00een <a href=\"https:\/\/espritgames.com\/cz\/licenses\/dracipan\">Acordul de Utilizare<\/a> \u0219i \u00een <a href=\"https:\/\/espritgames.com\/cz\/agreements\/dracipan\">Politica de Confiden\u0163ialitate<\/a>.<\/span><\/div>\n     <div class=\"e-content e-content-ext\">\n         <div class=\"psevdo_form\">\n            <img src=\"\/wp-content\/themes\/espritgames\/promo\/dl-cz\/logo.png\">\n            <a href=\"https:\/\/cdn.espritgames.ru\/download\/loader_cz.exe\" class=\"play_btn\"><\/a> \n         <\/div>\n     <\/div>\n<div class=\"big_pic dracipan_cz\">\n\t<img src=\"\/wp-content\/themes\/espritgames\/promo\/dl-cz\/main_image.jpg\">\n<\/div>\n<div class=\"landing_pad_block\"><\/div>\n<div class=\"e-landing\" id=\"dracipan_cz\">\n  <div class=\"e-content\">\n\n<div class=\"e-logo\"><\/div>\n\n    <div class=\"e-text-header\"><\/div>\n    <div class=\"e-text\">\n        <h1>Podma\u0148 si mocn\u00e9 draky v obrovsk\u00e9m vesm\u00edru Dra\u010d\u00edho P\u00e1na!<\/h1>\n        <p class=\"e-news-ttl\">NOVINKY<\/p>\n        <div class=\"e-news_block\">\n             <div  class=\"rpwe-block \"><ul class=\"rpwe-ul\"><li class=\"rpwe-li rpwe-clearfix\"><a class=\"rpwe-img\" href=\"https:\/\/espritgames.com\/cz\/dracipan\/news-dracipan\/slouceni-serveru-24-cervna\/\"  rel=\"bookmark\"><img class=\"rpwe-alignleft rpwe-thumb\" src=\"https:\/\/espritgames.com\/cz\/wp-content\/uploads\/sites\/9\/2022\/05\/CZE-\u041c\u0435\u0440\u0436-622x312.jpg\" alt=\"Slou\u010den\u00ed server\u016f 24. \u010dervna\"><\/a><h3 class=\"rpwe-title\"><a href=\"https:\/\/espritgames.com\/cz\/dracipan\/news-dracipan\/slouceni-serveru-24-cervna\/\" title=\"Permalink to Slou\u010den\u00ed server\u016f 24. \u010dervna\" rel=\"bookmark\">Slou\u010den\u00ed server\u016f 24. \u010dervna<\/a><\/h3><time class=\"rpwe-time published\" datetime=\"2024-06-23T15:30:02+02:00\">23.06.2024<\/time><div class=\"rpwe-summary\">Draz\u00ed p\u0159\u00e1tel\u00e9! Z\u00edtra 24. &hellip;<a href=\"https:\/\/espritgames.com\/cz\/dracipan\/news-dracipan\/slouceni-serveru-24-cervna\/\" class=\"more-link\">Next \u00bb<\/a><\/div><\/li><li class=\"rpwe-li rpwe-clearfix\"><a class=\"rpwe-img\" href=\"https:\/\/espritgames.com\/cz\/dracipan\/news-dracipan\/udrzba-27-zari\/\"  rel=\"bookmark\"><img class=\"rpwe-alignleft rpwe-thumb\" src=\"https:\/\/espritgames.com\/cz\/wp-content\/uploads\/sites\/9\/2021\/08\/CZ-\u0422\u0435\u0445-\u0420\u0430\u0431\u043e\u0442\u044b-\u041f\u0430\u043d\u0434\u0430-622x312.jpg\" alt=\"\u00dadr\u017eba 27. z\u00e1\u0159\u00ed\"><\/a><h3 class=\"rpwe-title\"><a href=\"https:\/\/espritgames.com\/cz\/dracipan\/news-dracipan\/udrzba-27-zari\/\" title=\"Permalink to \u00dadr\u017eba 27. z\u00e1\u0159\u00ed\" rel=\"bookmark\">\u00dadr\u017eba 27. z\u00e1\u0159\u00ed<\/a><\/h3><time class=\"rpwe-time published\" datetime=\"2022-09-27T09:54:58+02:00\">27.09.2022<\/time><div class=\"rpwe-summary\">P\u0159\u00e1tel\u00e9! V sou\u010dasn\u00e9 dob\u011b &hellip;<a href=\"https:\/\/espritgames.com\/cz\/dracipan\/news-dracipan\/udrzba-27-zari\/\" class=\"more-link\">Next \u00bb<\/a><\/div><\/li><li class=\"rpwe-li rpwe-clearfix\"><a class=\"rpwe-img\" href=\"https:\/\/espritgames.com\/cz\/dracipan\/news-dracipan\/udrzba-22-zari-2\/\"  rel=\"bookmark\"><img class=\"rpwe-alignleft rpwe-thumb\" src=\"https:\/\/espritgames.com\/cz\/wp-content\/uploads\/sites\/9\/2022\/09\/CZ-\u0422\u0435\u0445-\u0420\u0430\u0431\u043e\u0442\u044b-\u0414\u0440\u0430\u043a\u043e\u043d\u0438\u0445\u0430-\u043b\u044c\u0434\u0430-622x312.jpg\" alt=\"\u00dadr\u017eba 22. z\u00e1\u0159\u00ed\"><\/a><h3 class=\"rpwe-title\"><a href=\"https:\/\/espritgames.com\/cz\/dracipan\/news-dracipan\/udrzba-22-zari-2\/\" title=\"Permalink to \u00dadr\u017eba 22. z\u00e1\u0159\u00ed\" rel=\"bookmark\">\u00dadr\u017eba 22. z\u00e1\u0159\u00ed<\/a><\/h3><time class=\"rpwe-time published\" datetime=\"2022-09-22T08:49:01+02:00\">22.09.2022<\/time><div class=\"rpwe-summary\">P\u0159\u00e1tel\u00e9! V sou\u010dasn\u00e9 dob\u011b &hellip;<a href=\"https:\/\/espritgames.com\/cz\/dracipan\/news-dracipan\/udrzba-22-zari-2\/\" class=\"more-link\">Next \u00bb<\/a><\/div><\/li><li class=\"rpwe-li rpwe-clearfix\"><a class=\"rpwe-img\" href=\"https:\/\/espritgames.com\/cz\/dracipan\/news-dracipan\/udrzba-14-zari\/\"  rel=\"bookmark\"><img class=\"rpwe-alignleft rpwe-thumb\" src=\"https:\/\/espritgames.com\/cz\/wp-content\/uploads\/sites\/9\/2022\/09\/CZ-\u0422\u0435\u0445-\u0420\u0430\u0431\u043e\u0442\u044b-\u0414\u0440\u0430\u043a\u043e\u043d\u0438\u0445\u0430-\u043b\u044c\u0434\u0430-622x312.jpg\" alt=\"\u00dadr\u017eba 14. z\u00e1\u0159\u00ed\"><\/a><h3 class=\"rpwe-title\"><a href=\"https:\/\/espritgames.com\/cz\/dracipan\/news-dracipan\/udrzba-14-zari\/\" title=\"Permalink to \u00dadr\u017eba 14. z\u00e1\u0159\u00ed\" rel=\"bookmark\">\u00dadr\u017eba 14. z\u00e1\u0159\u00ed<\/a><\/h3><time class=\"rpwe-time published\" datetime=\"2022-09-14T07:35:45+02:00\">14.09.2022<\/time><div class=\"rpwe-summary\">P\u0159\u00e1tel\u00e9! V sou\u010dasn\u00e9 dob\u011b &hellip;<a href=\"https:\/\/espritgames.com\/cz\/dracipan\/news-dracipan\/udrzba-14-zari\/\" class=\"more-link\">Next \u00bb<\/a><\/div><\/li><\/ul><\/div><!-- Generated by http:\/\/wordpress.org\/plugins\/recent-posts-widget-extended\/ -->\n        <\/div>\n        <p class=\"e-text-menu\"><a href=\"\/cz\/forum\/go\/dracipan\/\">F\u00f3rum<\/a><a href=\"\/cz\/forums\/forum\/dracipan\/zpravy\/\">V\u0161echny novinky<\/a><!--<a href=\"\/cz\/forums\/forum\/dracipan\/pruvodce\/\">Vod\u00edtko<\/a>--><\/p>\n\n<p>Jsou tady znepokojuj\u00edc\u00ed \u010dasy chaosu a pusto\u0161en\u00ed. P\u00e1n temn\u00fdch drak\u016f vl\u00e1dne cel\u00e9mu kontinentu a mezi obyvateli \u0161\u00ed\u0159\u00ed hr\u016fzu a paniku. Postav z\u00e1mek, shrom\u00e1\u017edi loaj\u00e1ln\u00ed vojsko a spole\u010dn\u011b se sv\u00fdmi spojenci poko\u0159te jeho vl\u00e1du pomoc\u00ed magie a s\u00edly pora\u017een\u00fdch nep\u0159\u00e1tel!<\/p>\n\n<!--<a class=\"video_trl\" href=\"https:\/\/youtu.be\/qA_8APX2u3g\" target=\"_blank\" rel=\"noopener\">Sledujte p\u0159\u00edv\u011bs<\/a>-->\n    <\/div>\n  <\/div>\n\n<div class=\"outer_icon_block\">\n    <div class=\"e-content\">\n        <div class=\"icon_block\">\n            <div class=\"s_icon\">\n                <img src=\"\/wp-content\/themes\/espritgames\/promo\/dl-cz\/feats_ico1.png\">\n                <p>Zkro\u0165 ty nejsiln\u011bj\u0161\u00ed o\u0159e a mocn\u00e9 draky zt\u011bles\u0148uj\u00edc\u00ed s\u00edlu ledu, zem\u011b a ohn\u011b!<\/p>\n            <\/div>\n        <\/div>\n        <div class=\"icon_block\">\n            <div class=\"s_icon\">\n                <img src=\"\/wp-content\/themes\/espritgames\/promo\/dl-cz\/feats_ico2.png\">\n                <p>Naj\u00edmej do sv\u00e9 arm\u00e1dy r\u016fzn\u00e9 druhy hrdin\u016f \u2013 od lstiv\u00fdch \u010darod\u011bjek po d\u00e9mony d\u0161t\u00edc\u00ed ohe\u0148!<\/p>\n            <\/div>\n        <\/div>\n        <div class=\"icon_block\">\n            <div class=\"s_icon\">\n                <img src=\"\/wp-content\/themes\/espritgames\/promo\/dl-cz\/feats_ico3.png\">\n                <p>Vybuduj velkolep\u00e9 m\u011bsto, kter\u00e9 se ubr\u00e1n\u00ed ka\u017ed\u00e9mu nebezpe\u010d\u00ed!<\/p>\n            <\/div>\n        <\/div>\n        <div class=\"icon_block\">\n            <div class=\"s_icon\">\n                <img src=\"\/wp-content\/themes\/espritgames\/promo\/dl-cz\/feats_ico4.png\">\n                <p>Vyzkou\u0161ej sv\u00e9 dovednosti proti ostatn\u00edm mocn\u00fdm vl\u00e1dc\u016fm v PVP ar\u00e9n\u011b!<\/p>\n            <\/div>\n        <\/div>\n        <div class=\"icon_block\">\n            <div class=\"s_icon\">\n                <img src=\"\/wp-content\/themes\/espritgames\/promo\/dl-cz\/feats_ico5.png\">\n                <p>Vytvo\u0159 klan, nebo se ke klanu p\u0159idej, a ve\u010f sv\u00e9 p\u0159\u00e1tele a spojence k v\u00edt\u011bzstv\u00ed v glob\u00e1ln\u00edch ud\u00e1lostech!<\/p>\n            <\/div>\n        <\/div>\n        <div class=\"icon_block\">\n            <div class=\"s_icon\">\n                <img src=\"\/wp-content\/themes\/espritgames\/promo\/dl-cz\/feats_ico6.png\">\n                <p>Vyr\u00e1b\u011bj v kov\u00e1rn\u011b jedine\u010dn\u00e9 a ni\u010div\u00e9 zbran\u011b!<\/p>\n            <\/div>\n        <\/div>\n    <\/div>\n<\/div>\n\n   <div class=\"slider_outer\">\n       <div style=\"width: 100%; margin: 0 auto;\" class=\"ml-slider-3-7-2 ml-slider-pro-2-6-5 metaslider metaslider-flex metaslider-2079 ml-slider in-game-slider\">\n    <style type=\"text\/css\" id=\"metaslider-css-2079\">\n        #metaslider_2079.flexslider .slides li {margin-right: 10px !important;}\n    <\/style>\n    <div id=\"metaslider_container_2079\">\n        <div id=\"metaslider_2079\">\n            <ul class=\"slides\">\n                <li style=\"display: none; width: 100%;\" class=\"slide-2091 ms-image\"><img src=\"https:\/\/espritgames.com\/cz\/wp-content\/uploads\/sites\/9\/2020\/05\/DL_cz_screenshot_1-800x545.jpg\" height=\"545\" width=\"800\" alt=\"\" class=\"slider-2079 slide-2091\" title=\"DL_cz_screenshot_1\" \/><\/li>\n                <li style=\"display: none; width: 100%;\" class=\"slide-2092 ms-image\"><img src=\"https:\/\/espritgames.com\/cz\/wp-content\/uploads\/sites\/9\/2020\/05\/DL_cz_screenshot_2-800x545.jpg\" height=\"545\" width=\"800\" alt=\"\" class=\"slider-2079 slide-2092\" title=\"DL_cz_screenshot_2\" \/><\/li>\n                <li style=\"display: none; width: 100%;\" class=\"slide-2093 ms-image\"><img src=\"https:\/\/espritgames.com\/cz\/wp-content\/uploads\/sites\/9\/2020\/05\/DL_cz_screenshot_3-800x545.jpg\" height=\"545\" width=\"800\" alt=\"\" class=\"slider-2079 slide-2093\" title=\"DL_cz_screenshot_3\" \/><\/li>\n                <li style=\"display: none; width: 100%;\" class=\"slide-2094 ms-image\"><img src=\"https:\/\/espritgames.com\/cz\/wp-content\/uploads\/sites\/9\/2020\/05\/DL_cz_screenshot_4-800x545.jpg\" height=\"545\" width=\"800\" alt=\"\" class=\"slider-2079 slide-2094\" title=\"DL_cz_screenshot_4\" \/><\/li>\n                <li style=\"display: none; width: 100%;\" class=\"slide-2095 ms-image\"><img src=\"https:\/\/espritgames.com\/cz\/wp-content\/uploads\/sites\/9\/2020\/05\/DL_cz_screenshot_5-800x545.jpg\" height=\"545\" width=\"800\" alt=\"\" class=\"slider-2079 slide-2095\" title=\"DL_cz_screenshot_5\" \/><\/li>\n                <li style=\"display: none; width: 100%;\" class=\"slide-2096 ms-image\"><img src=\"https:\/\/espritgames.com\/cz\/wp-content\/uploads\/sites\/9\/2020\/05\/DL_cz_screenshot_6-800x545.jpg\" height=\"545\" width=\"800\" alt=\"\" class=\"slider-2079 slide-2096\" title=\"DL_cz_screenshot_6\" \/><\/li>\n            <\/ul>\n        <\/div>\n        \n    <\/div>\n<\/div>\n   <\/div>\n   <div class=\"e-outer\">\n      <div class=\"e-content\" style=\"padding-bottom: 60px;\">\n        <div class=\"e-text-ext\">\n            <p>Je \u010das uk\u00e1zat drak\u016fm, kte\u0159\u00ed maj\u00ed na starosti!<\/p>\n            <a href=\"https:\/\/cdn.espritgames.ru\/download\/loader_cz.exe\" class=\"play_btn\"><\/a>\n   \n        <\/div>\n      <\/div>\n   <\/div>\n    <!--<div class=\"logos_block\">\n         <img class=\"par_loro\" src=\"\/wp-content\/themes\/espritgames\/promo\/dk-main\/it\/EG_Logo.png\">\n    <\/div>-->\n<\/div>\n<\/div><\/div><\/div><\/div><\/div>","protected":false},"excerpt":{"rendered":"<p>*Proceduri pentru furnizarea de servicii specificate \u00een Acordul de Utilizare \u0219i \u00een Politica de Confiden\u0163ialitate. Podma\u0148 si mocn\u00e9 draky v obrovsk\u00e9m vesm\u00edru Dra\u010d\u00edho P\u00e1na! NOVINKY Slou\u010den\u00ed server\u016f 24. \u010dervna23.06.2024Draz\u00ed p\u0159\u00e1tel\u00e9! Z\u00edtra 24. &hellip;Next \u00bb\u00dadr\u017eba 27. z\u00e1\u0159\u00ed27.09.2022P\u0159\u00e1tel\u00e9! V sou\u010dasn\u00e9 dob\u011b &hellip;Next \u00bb\u00dadr\u017eba 22. z\u00e1\u0159\u00ed22.09.2022P\u0159\u00e1tel\u00e9! V sou\u010dasn\u00e9 dob\u011b &hellip;Next \u00bb\u00dadr\u017eba 14. z\u00e1\u0159\u00ed14.09.2022P\u0159\u00e1tel\u00e9! V sou\u010dasn\u00e9 dob\u011b &hellip;Next \u00bb &hellip; <a href=\"https:\/\/espritgames.com\/cz\/dracipan\/\" class=\"more-link\">Continue reading <span class=\"screen-reader-text\">Dra\u010d\u00ed P\u00e1n.<\/span> <span class=\"meta-nav\">&rarr;<\/span><\/a><\/p>\n","protected":false},"author":1969676,"featured_media":2682,"parent":0,"menu_order":0,"comment_status":"closed","ping_status":"closed","template":"page-templates\/landing.php","meta":[],"_links":{"self":[{"href":"https:\/\/espritgames.com\/cz\/wp-json\/wp\/v2\/pages\/2020"}],"collection":[{"href":"https:\/\/espritgames.com\/cz\/wp-json\/wp\/v2\/pages"}],"about":[{"href":"https:\/\/espritgames.com\/cz\/wp-json\/wp\/v2\/types\/page"}],"author":[{"embeddable":true,"href":"https:\/\/espritgames.com\/cz\/wp-json\/wp\/v2\/users\/1969676"}],"replies":[{"embeddable":true,"href":"https:\/\/espritgames.com\/cz\/wp-json\/wp\/v2\/comments?post=2020"}],"version-history":[{"count":46,"href":"https:\/\/espritgames.com\/cz\/wp-json\/wp\/v2\/pages\/2020\/revisions"}],"predecessor-version":[{"id":3314,"href":"https:\/\/espritgames.com\/cz\/wp-json\/wp\/v2\/pages\/2020\/revisions\/3314"}],"wp:featuredmedia":[{"embeddable":true,"href":"https:\/\/espritgames.com\/cz\/wp-json\/wp\/v2\/media\/2682"}],"wp:attachment":[{"href":"https:\/\/espritgames.com\/cz\/wp-json\/wp\/v2\/media?parent=2020"}],"curies":[{"name":"wp","href":"https:\/\/api.w.org\/{rel}","templated":true}]}}