 


						{"id":116,"date":"2019-05-31T13:23:16","date_gmt":"2019-05-31T11:23:16","guid":{"rendered":"https:\/\/espritgames.com\/cz\/?page_id=116"},"modified":"2020-05-27T10:00:05","modified_gmt":"2020-05-27T08:00:05","slug":"go","status":"publish","type":"page","link":"https:\/\/espritgames.com\/cz\/dracipan\/go\/","title":{"rendered":"Dra\u010d\u00ed P\u00e1n. Game"},"content":{"rendered":"<div id=\"iframe-holder\" data-game-frame-url=\"https:\/\/core.espritgames.com\/platforms\/sa\/apps\/633?consumer=portal-cz&return_to=https%3A%2F%2Fespritgames.com%2Fcz%2Fwp-json%2Fwp%2Fv2%2Fpages%2F116&ts=1776328746&user_id=&sign=c0b8c6fbe740fd3107a62a9a9ca65d3e&auth_theme=all-form_launcher_v2\"><\/div>\n","protected":false},"excerpt":{"rendered":"","protected":false},"author":1969676,"featured_media":0,"parent":2020,"menu_order":0,"comment_status":"closed","ping_status":"closed","template":"page-templates\/game.php","meta":[],"_links":{"self":[{"href":"https:\/\/espritgames.com\/cz\/wp-json\/wp\/v2\/pages\/116"}],"collection":[{"href":"https:\/\/espritgames.com\/cz\/wp-json\/wp\/v2\/pages"}],"about":[{"href":"https:\/\/espritgames.com\/cz\/wp-json\/wp\/v2\/types\/page"}],"author":[{"embeddable":true,"href":"https:\/\/espritgames.com\/cz\/wp-json\/wp\/v2\/users\/1969676"}],"replies":[{"embeddable":true,"href":"https:\/\/espritgames.com\/cz\/wp-json\/wp\/v2\/comments?post=116"}],"version-history":[{"count":3,"href":"https:\/\/espritgames.com\/cz\/wp-json\/wp\/v2\/pages\/116\/revisions"}],"predecessor-version":[{"id":120,"href":"https:\/\/espritgames.com\/cz\/wp-json\/wp\/v2\/pages\/116\/revisions\/120"}],"up":[{"embeddable":true,"href":"https:\/\/espritgames.com\/cz\/wp-json\/wp\/v2\/pages\/2020"}],"wp:attachment":[{"href":"https:\/\/espritgames.com\/cz\/wp-json\/wp\/v2\/media?parent=116"}],"curies":[{"name":"wp","href":"https:\/\/api.w.org\/{rel}","templated":true}]}}