 


						{"id":110,"date":"2019-05-31T11:22:03","date_gmt":"2019-05-31T08:22:03","guid":{"rendered":"https:\/\/espritgames.com\/cz\/?page_id=110"},"modified":"2019-08-26T12:14:54","modified_gmt":"2019-08-26T09:14:54","slug":"dracipan","status":"publish","type":"page","link":"https:\/\/espritgames.com\/cz\/agreements\/dracipan\/","title":{"rendered":"Dra\u010d\u00ed P\u00e1n. Z\u00e1sady nakl\u00e1d\u00e1n\u00ed s osobn\u00edmi \u00fadaji a soubory cookie"},"content":{"rendered":"","protected":false},"excerpt":{"rendered":"","protected":false},"author":1969676,"featured_media":0,"parent":107,"menu_order":0,"comment_status":"closed","ping_status":"closed","template":"page-templates\/agreement-cz.php","meta":[],"_links":{"self":[{"href":"https:\/\/espritgames.com\/cz\/wp-json\/wp\/v2\/pages\/110"}],"collection":[{"href":"https:\/\/espritgames.com\/cz\/wp-json\/wp\/v2\/pages"}],"about":[{"href":"https:\/\/espritgames.com\/cz\/wp-json\/wp\/v2\/types\/page"}],"author":[{"embeddable":true,"href":"https:\/\/espritgames.com\/cz\/wp-json\/wp\/v2\/users\/1969676"}],"replies":[{"embeddable":true,"href":"https:\/\/espritgames.com\/cz\/wp-json\/wp\/v2\/comments?post=110"}],"version-history":[{"count":3,"href":"https:\/\/espritgames.com\/cz\/wp-json\/wp\/v2\/pages\/110\/revisions"}],"predecessor-version":[{"id":460,"href":"https:\/\/espritgames.com\/cz\/wp-json\/wp\/v2\/pages\/110\/revisions\/460"}],"up":[{"embeddable":true,"href":"https:\/\/espritgames.com\/cz\/wp-json\/wp\/v2\/pages\/107"}],"wp:attachment":[{"href":"https:\/\/espritgames.com\/cz\/wp-json\/wp\/v2\/media?parent=110"}],"curies":[{"name":"wp","href":"https:\/\/api.w.org\/{rel}","templated":true}]}}